{"id":67,"date":"2025-10-10T18:42:15","date_gmt":"2025-10-10T18:42:15","guid":{"rendered":"https:\/\/ensorceleuse.ca\/?page_id=67"},"modified":"2026-04-17T18:07:35","modified_gmt":"2026-04-17T18:07:35","slug":"accueil","status":"publish","type":"page","link":"https:\/\/ensorceleuse.ca\/","title":{"rendered":"Accueil"},"content":{"rendered":"<ul>\n<li>\n\t\t\t\t\t\t\t\t\t\t\t<a href=\"#propos\"><br \/>\n\t\t\t\t\t\t\t<svg aria-hidden=\"true\" viewBox=\"0 0 352 512\" xmlns=\"http:\/\/www.w3.org\/2000\/svg\"><path d=\"M176 80c-52.94 0-96 43.06-96 96 0 8.84 7.16 16 16 16s16-7.16 16-16c0-35.3 28.72-64 64-64 8.84 0 16-7.16 16-16s-7.16-16-16-16zM96.06 459.17c0 3.15.93 6.22 2.68 8.84l24.51 36.84c2.97 4.46 7.97 7.14 13.32 7.14h78.85c5.36 0 10.36-2.68 13.32-7.14l24.51-36.84c1.74-2.62 2.67-5.7 2.68-8.84l.05-43.18H96.02l.04 43.18zM176 0C73.72 0 0 82.97 0 176c0 44.37 16.45 84.85 43.56 115.78 16.64 18.99 42.74 58.8 52.42 92.16v.06h48v-.12c-.01-4.77-.72-9.51-2.15-14.07-5.59-17.81-22.82-64.77-62.17-109.67-20.54-23.43-31.52-53.15-31.61-84.14-.2-73.64 59.67-128 127.95-128 70.58 0 128 57.42 128 128 0 30.97-11.24 60.85-31.65 84.14-39.11 44.61-56.42 91.47-62.1 109.46a47.507 47.507 0 0 0-2.22 14.3v.1h48v-.05c9.68-33.37 35.78-73.18 52.42-92.16C335.55 260.85 352 220.37 352 176 352 78.8 273.2 0 176 0z\"><\/path><\/svg><br \/>\n\t\t\t\t\t\t\t\t\t\t\u00c0 propos<br \/>\n\t\t\t\t\t\t\t\t\t\t\t<\/a>\n\t\t\t\t\t\t\t\t\t<\/li>\n<li>\n\t\t\t\t\t\t\t\t\t\t\t<a href=\"#commentaires\"><br \/>\n\t\t\t\t\t\t\t<svg aria-hidden=\"true\" viewBox=\"0 0 576 512\" xmlns=\"http:\/\/www.w3.org\/2000\/svg\"><path d=\"M532 386.2c27.5-27.1 44-61.1 44-98.2 0-80-76.5-146.1-176.2-157.9C368.3 72.5 294.3 32 208 32 93.1 32 0 103.6 0 192c0 37 16.5 71 44 98.2-15.3 30.7-37.3 54.5-37.7 54.9-6.3 6.7-8.1 16.5-4.4 25 3.6 8.5 12 14 21.2 14 53.5 0 96.7-20.2 125.2-38.8 9.2 2.1 18.7 3.7 28.4 4.9C208.1 407.6 281.8 448 368 448c20.8 0 40.8-2.4 59.8-6.8C456.3 459.7 499.4 480 553 480c9.2 0 17.5-5.5 21.2-14 3.6-8.5 1.9-18.3-4.4-25-.4-.3-22.5-24.1-37.8-54.8zm-392.8-92.3L122.1 305c-14.1 9.1-28.5 16.3-43.1 21.4 2.7-4.7 5.4-9.7 8-14.8l15.5-31.1L77.7 256C64.2 242.6 48 220.7 48 192c0-60.7 73.3-112 160-112s160 51.3 160 112-73.3 112-160 112c-16.5 0-33-1.9-49-5.6l-19.8-4.5zM498.3 352l-24.7 24.4 15.5 31.1c2.6 5.1 5.3 10.1 8 14.8-14.6-5.1-29-12.3-43.1-21.4l-17.1-11.1-19.9 4.6c-16 3.7-32.5 5.6-49 5.6-54 0-102.2-20.1-131.3-49.7C338 339.5 416 272.9 416 192c0-3.4-.4-6.7-.7-10C479.7 196.5 528 238.8 528 288c0 28.7-16.2 50.6-29.7 64z\"><\/path><\/svg><br \/>\n\t\t\t\t\t\t\t\t\t\tAvis Clients<br \/>\n\t\t\t\t\t\t\t\t\t\t\t<\/a>\n\t\t\t\t\t\t\t\t\t<\/li>\n<li>\n\t\t\t\t\t\t\t\t\t\t\t<a href=\"#reconnaissante\"><br \/>\n\t\t\t\t\t\t\t<svg aria-hidden=\"true\" viewBox=\"0 0 512 512\" xmlns=\"http:\/\/www.w3.org\/2000\/svg\"><path d=\"M458.4 64.3C400.6 15.7 311.3 23 256 79.3 200.7 23 111.4 15.6 53.6 64.3-21.6 127.6-10.6 230.8 43 285.5l175.4 178.7c10 10.2 23.4 15.9 37.6 15.9 14.3 0 27.6-5.6 37.6-15.8L469 285.6c53.5-54.7 64.7-157.9-10.6-221.3zm-23.6 187.5L259.4 430.5c-2.4 2.4-4.4 2.4-6.8 0L77.2 251.8c-36.5-37.2-43.9-107.6 7.3-150.7 38.9-32.7 98.9-27.8 136.5 10.5l35 35.7 35-35.7c37.8-38.5 97.8-43.2 136.5-10.6 51.1 43.1 43.5 113.9 7.3 150.8z\"><\/path><\/svg><br \/>\n\t\t\t\t\t\t\t\t\t\tValeurs<br \/>\n\t\t\t\t\t\t\t\t\t\t\t<\/a>\n\t\t\t\t\t\t\t\t\t<\/li>\n<li>\n\t\t\t\t\t\t\t\t\t\t\t<a href=\"#Galerie\"><br \/>\n\t\t\t\t\t\t\t<svg aria-hidden=\"true\" viewBox=\"0 0 512 512\" xmlns=\"http:\/\/www.w3.org\/2000\/svg\"><path d=\"M48 32C21.5 32 0 53.5 0 80v352c0 26.5 21.5 48 48 48h416c26.5 0 48-21.5 48-48V80c0-26.5-21.5-48-48-48H48zm0 32h106c3.3 0 6 2.7 6 6v20c0 3.3-2.7 6-6 6H38c-3.3 0-6-2.7-6-6V80c0-8.8 7.2-16 16-16zm426 96H38c-3.3 0-6-2.7-6-6v-36c0-3.3 2.7-6 6-6h138l30.2-45.3c1.1-1.7 3-2.7 5-2.7H464c8.8 0 16 7.2 16 16v74c0 3.3-2.7 6-6 6zM256 424c-66.2 0-120-53.8-120-120s53.8-120 120-120 120 53.8 120 120-53.8 120-120 120zm0-208c-48.5 0-88 39.5-88 88s39.5 88 88 88 88-39.5 88-88-39.5-88-88-88zm-48 104c-8.8 0-16-7.2-16-16 0-35.3 28.7-64 64-64 8.8 0 16 7.2 16 16s-7.2 16-16 16c-17.6 0-32 14.4-32 32 0 8.8-7.2 16-16 16z\"><\/path><\/svg><br \/>\n\t\t\t\t\t\t\t\t\t\tGalerie<br \/>\n\t\t\t\t\t\t\t\t\t\t\t<\/a>\n\t\t\t\t\t\t\t\t\t<\/li>\n<li>\n\t\t\t\t\t\t\t\t\t\t\t<a href=\"#contact\"><br \/>\n\t\t\t\t\t\t\t<svg aria-hidden=\"true\" viewBox=\"0 0 512 512\" xmlns=\"http:\/\/www.w3.org\/2000\/svg\"><path d=\"M493.4 24.6l-104-24c-11.3-2.6-22.9 3.3-27.5 13.9l-48 112c-4.2 9.8-1.4 21.3 6.9 28l60.6 49.6c-36 76.7-98.9 140.5-177.2 177.2l-49.6-60.6c-6.8-8.3-18.2-11.1-28-6.9l-112 48C3.9 366.5-2 378.1.6 389.4l24 104C27.1 504.2 36.7 512 48 512c256.1 0 464-207.5 464-464 0-11.2-7.7-20.9-18.6-23.4z\"><\/path><\/svg><br \/>\n\t\t\t\t\t\t\t\t\t\tContact<br \/>\n\t\t\t\t\t\t\t\t\t\t\t<\/a>\n\t\t\t\t\t\t\t\t\t<\/li>\n<\/ul>\n<h1>\u00c0 propos<\/h1>\n<p>L&rsquo;Ensorceleuse cultive et fait la cueillette sauvage et \u00e9thique de plantes m\u00e9dicinales pour les transformer en produits de sant\u00e9 naturels et cosm\u00e9tiques naturels. Elle offre \u00e9galement des consultations en naturoth\u00e9rapie pour aider toute personne d\u00e9sirant prendre en main sa sant\u00e9 de fa\u00e7on globale \u00e0 travers une saine alimentation. L&rsquo;Ensorceleuse est une apothicaire moderne, votre conseill\u00e8re en sant\u00e9 naturelle qui vous propose toute une gamme de produits sains et adapt\u00e9s \u00e0 vos besoins.<\/p>\n<p>\t\t\t\t\t\t\t\t<a href=\"https:\/\/boutique.ensorceleuse.ca\/s\/order?location=LD80SYAB42GFY\"><br \/>\n\t\t\t\t\t\t\t\t\tAcheter mes produits<br \/>\n\t\t\t\t\t<\/a><br \/>\n\t\t\t\t\t\t\t\t\t\t\t\t\t\t\t\t\t\t\t<img fetchpriority=\"high\" decoding=\"async\" width=\"1536\" height=\"2048\" src=\"https:\/\/ensorceleuse.ca\/wp-content\/uploads\/2025\/12\/b27b7bc8-e038-4520-9f4b-fa3c844bee29.jpg\" alt=\"\" srcset=\"https:\/\/ensorceleuse.ca\/wp-content\/uploads\/2025\/12\/b27b7bc8-e038-4520-9f4b-fa3c844bee29.jpg 1536w, https:\/\/ensorceleuse.ca\/wp-content\/uploads\/2025\/12\/b27b7bc8-e038-4520-9f4b-fa3c844bee29-225x300.jpg 225w, https:\/\/ensorceleuse.ca\/wp-content\/uploads\/2025\/12\/b27b7bc8-e038-4520-9f4b-fa3c844bee29-768x1024.jpg 768w, https:\/\/ensorceleuse.ca\/wp-content\/uploads\/2025\/12\/b27b7bc8-e038-4520-9f4b-fa3c844bee29-1152x1536.jpg 1152w\" sizes=\"(max-width: 1536px) 100vw, 1536px\" \/>\t\t\t\t\t\t\t\t\t\t\t\t\t\t\t\t<\/p>\n<h2>Commentaires clients <\/h2>\n<p>\t\t\t\t\t\tMagnifique!!!<br \/>\nJ\u2019ai go\u00fbt\u00e9 \u00e0 mes tisane et un gros WoW!!!<br \/>\nMerci je les adores.<br \/>\nMon baume \u00e0 l\u00e8vre est hydratant et l\u2019odeur est \ud83e\ude77<br \/>\n\t\t\t\t\t\tBonjour! J&rsquo;ai d\u00e9couvert le baume \u00e0 l\u00e8vre avec protection solaire et Wow, j&rsquo;adore! Quelle belle d\u00e9couverte! Vivement les cr\u00e9ateurs de St-Joachim \ud83d\ude4c<br \/>\nJ&rsquo;adore l&rsquo;herboristerie aussi!<br \/>\nAu plaisir de t&rsquo;encourager!<br \/>\n\t\t\t\t\t\tMilles mercis pour ton acceuil!<br \/>\nDe nous partager ta passion.<br \/>\nFi\u00e8re de toi et pour toi.<br \/>\nTu es tout simplement inspirante!<br \/>\nMerci!\ud83d\ude4f\ud83e\udec2\ud83e\udd70<br \/>\n\t\t\t\t\t\t\t<svg aria-hidden=\"true\" viewBox=\"0 0 1000 1000\" xmlns=\"http:\/\/www.w3.org\/2000\/svg\"><path d=\"M646 125C629 125 613 133 604 142L308 442C296 454 292 471 292 487 292 504 296 521 308 533L604 854C617 867 629 875 646 875 663 875 679 871 692 858 704 846 713 829 713 812 713 796 708 779 692 767L438 487 692 225C700 217 708 204 708 187 708 171 704 154 692 142 675 129 663 125 646 125Z\"><\/path><\/svg><br \/>\n\t\t\t\t\t\t\t<svg aria-hidden=\"true\" viewBox=\"0 0 1000 1000\" xmlns=\"http:\/\/www.w3.org\/2000\/svg\"><path d=\"M696 533C708 521 713 504 713 487 713 471 708 454 696 446L400 146C388 133 375 125 354 125 338 125 325 129 313 142 300 154 292 171 292 187 292 204 296 221 308 233L563 492 304 771C292 783 288 800 288 817 288 833 296 850 308 863 321 871 338 875 354 875 371 875 388 867 400 854L696 533Z\"><\/path><\/svg>\t\t\t\t\t\t<\/p>\n<h3>Reconnaissante et respectueuse de notre <br \/>Terre-M\u00e8re!<\/h3>\n<p>l&rsquo;Ensorceleuse s&rsquo;engage \u00e0 toujours am\u00e9liorer ses processus de production afin de r\u00e9duire son empreinte \u00e9cologique.<\/p>\n<h4>Galerie photo<\/h4>\n<p>\t\t\t\t\t<a target=\"_blank\"><br \/>\n\t\t\t\t\t\tFacebook-f<br \/>\n\t\t\t\t\t\t<svg aria-hidden=\"true\" viewBox=\"0 0 320 512\" xmlns=\"http:\/\/www.w3.org\/2000\/svg\"><path d=\"M279.14 288l14.22-92.66h-88.91v-60.13c0-25.35 12.42-50.06 52.24-50.06h40.42V6.26S260.43 0 225.36 0c-73.22 0-121.08 44.38-121.08 124.72v70.62H22.89V288h81.39v224h100.17V288z\"><\/path><\/svg>\t\t\t\t\t<\/a><\/p>\n<h2>Contact<\/h2>\n<ul>\n<li>\n\t\t\t\t\t\t\t\t\t\t (450) 777-3303\n\t\t\t\t\t\t\t\t\t<\/li>\n<li>\n\t\t\t\t\t\t\t\t\t\tinfo@ensorceleuse.ca\n\t\t\t\t\t\t\t\t\t<\/li>\n<\/ul>\n<p>\u00a9 All Rights Reserved.<\/p>\n","protected":false},"excerpt":{"rendered":"<p>\u00c0 propos Avis Clients Valeurs Galerie Contact \u00c0 propos L&rsquo;Ensorceleuse cultive et fait la cueillette sauvage et \u00e9thique de plantes m\u00e9dicinales pour les transformer en produits de sant\u00e9 naturels et cosm\u00e9tiques naturels. Elle offre \u00e9galement des consultations en naturoth\u00e9rapie pour aider toute personne d\u00e9sirant prendre en main sa sant\u00e9 de fa\u00e7on globale \u00e0 travers une [&hellip;]<\/p>\n","protected":false},"author":1,"featured_media":0,"parent":0,"menu_order":0,"comment_status":"closed","ping_status":"closed","template":"","meta":{"footnotes":""},"class_list":["post-67","page","type-page","status-publish","hentry"],"_links":{"self":[{"href":"https:\/\/ensorceleuse.ca\/index.php\/wp-json\/wp\/v2\/pages\/67","targetHints":{"allow":["GET"]}}],"collection":[{"href":"https:\/\/ensorceleuse.ca\/index.php\/wp-json\/wp\/v2\/pages"}],"about":[{"href":"https:\/\/ensorceleuse.ca\/index.php\/wp-json\/wp\/v2\/types\/page"}],"author":[{"embeddable":true,"href":"https:\/\/ensorceleuse.ca\/index.php\/wp-json\/wp\/v2\/users\/1"}],"replies":[{"embeddable":true,"href":"https:\/\/ensorceleuse.ca\/index.php\/wp-json\/wp\/v2\/comments?post=67"}],"version-history":[{"count":214,"href":"https:\/\/ensorceleuse.ca\/index.php\/wp-json\/wp\/v2\/pages\/67\/revisions"}],"predecessor-version":[{"id":381,"href":"https:\/\/ensorceleuse.ca\/index.php\/wp-json\/wp\/v2\/pages\/67\/revisions\/381"}],"wp:attachment":[{"href":"https:\/\/ensorceleuse.ca\/index.php\/wp-json\/wp\/v2\/media?parent=67"}],"curies":[{"name":"wp","href":"https:\/\/api.w.org\/{rel}","templated":true}]}}